{"id":963,"date":"2022-07-29T07:29:59","date_gmt":"2022-07-29T12:29:59","guid":{"rendered":"http:\/\/www.villahidalgoslp.gob.mx\/?page_id=963"},"modified":"2024-03-31T05:12:37","modified_gmt":"2024-03-31T05:12:37","slug":"contraloria","status":"publish","type":"page","link":"https:\/\/mexquiticdecarmona-slp.gob.mx\/2021-2024\/contraloria\/","title":{"rendered":"Contralor\u00eda"},"content":{"rendered":"\n<h2 class=\"wp-block-heading\">OBJETIVO<\/h2>\n\n\n\n<p>Planear, programar, organizar y coordinar las acciones de control, evaluaci\u00f3n, vigilancia y fiscalizaci\u00f3n del correcto uso del patrimonio, el ejercicio del gasto publico y as\u00ed como el desempe\u00f1o de los servidores p\u00fablicos, logrando con ello impulsar una Gesti\u00f3n Publica de Calidad, en apego a las normas y disposiciones legales aplicables, para construir con la transparencia y rendici\u00f3n de cuentas a los ciudadanos.<\/p>\n\n\n\n<h2 class=\"wp-block-heading\">FUNCIONES<\/h2>\n\n\n\n<ul class=\"wp-block-list\">\n<li>Desarrollar y coordinar el Sistema de Control Interno de la administraci\u00f3n publica municipal<\/li>\n\n\n\n<li>Establecer y vigilar el cumplimiento de las normas de control, fiscalizaci\u00f3n y auditoria que deban observar las dependencias y entidades de la administraci\u00f3n publica municipal<\/li>\n\n\n\n<li>Vigilar , en colaboraci\u00f3n con las autoridades que integren el Comit\u00e9 Coordinador del Sistema Estatal Anticorrupci\u00f3n, el cumplimiento de las normas de control interno y fiscalizaci\u00f3n, as\u00ed como asesorar y apoyar a las dependencias y entidades dela Administraci\u00f3n Publica Municipal, en la promoci\u00f3n de su cumplimiento<\/li>\n\n\n\n<li>Inspeccionar el ejercicio del gasto publico municipal y la obtenci\u00f3n de los ingresos, su apego y congruencia a las respectivas leyes, reglamentos, reglas y lineamientos aplicables<\/li>\n\n\n\n<li>Coordinar y supervisar el sistema de control interno, establecer la bases generales para la realizaci\u00f3n de revisiones y auditorias internas, transversales y externas<\/li>\n\n\n\n<li>Comprobar por si, el cumplimiento por parte de las dependencias y entidades de la administraci\u00f3n publica municipal de las obligaciones derivadas de las disposiciones en materia de planeaci\u00f3n, presupuestaci\u00f3n, ingresos, egresos, financiamiento e inversi\u00f3n; adquisici\u00f3n, obra publica, servicios; deuda, sistema de registro y contabilidad, personal. Arrendamiento, conservaci\u00f3n, uso, destino, afectaci\u00f3n, enajenaci\u00f3n y baja de muebles e inmuebles y dem\u00e1s activos y recursos materiales, fondos y valores de la propiedad o al cuidado del gobierno municipal<\/li>\n\n\n\n<li>Conocer e investigar las conductas de los servidores p\u00fablicos de la Administraci\u00f3n Publica Municipal y de los particulares, que pudieran constituir responsabilidades administrativas; as\u00ed como substanciar los procedimientos correspondientes conforme a lo establecido en la Ley de Responsabilidades Administrativas para el Estado de San Luis Potos\u00ed por si, o por conducto de los \u00f3rganos internos de control que correspondan a cada \u00e1rea de la Administraci\u00f3n Municipal; para lo cual podr\u00e1n aplicar las sanciones que correspondan en los casos que no sean de la competencia del Tribunal Estatal de Justicia Administrativa; y, cuando se trate de faltas administrativas graves o de faltas administrativa y ejerce la acci\u00f3n que corresponde ante ese Tribunal o ante Auditoria Superior del Estado; as\u00ed como presentar las denuncias correspondientes ante la Fiscal\u00eda Especializada en Materia de Delitos Relacionados con Hechos de Corrupci\u00f3n y ante otras autoridades competentes, en t\u00e9rminos de las disposiciones legales aplicables;<\/li>\n\n\n\n<li>Llevar en la administraci\u00f3n publica municipal, el registro de los servidores p\u00fablicos sujetos a procedimientos administrativos instaurando, de los sancionados e inhabilitados, de los recursos e impugnaciones que se hayan hecho valer y, en su caso, las resoluciones por las que se dejen sin efectos las resoluciones dictadas; para lo cual deber\u00e1 realizar la captura, as\u00ed como el envi\u00f3 oportuno y veraz de la informaci\u00f3n a la Secretaria Ejecutiva del Sistema Estatal Anticorrupci\u00f3n, en t\u00e9rminos de lo previsto por la Ley del Sistema Estatal Anticorrupci\u00f3n y de la Ley de Responsabilidades Administrativas para el Estado de San Luis Potos\u00ed;<\/li>\n\n\n\n<li>Solicitar el apoyo Controlar\u00eda General y Auditoria Superior del Estado, en la implantaci\u00f3n de sistema y \u00f3rganos de control y evaluaci\u00f3n municipal, en marco del sistema estatal de fiscalizaci\u00f3n y los convenios particulares que se establecen,<\/li>\n<\/ul>\n","protected":false},"excerpt":{"rendered":"<p>OBJETIVO Planear, programar, organizar y coordinar las acciones de control, evaluaci\u00f3n, vigilancia y fiscalizaci\u00f3n del correcto uso del patrimonio, el ejercicio del gasto publico y as\u00ed como el desempe\u00f1o de los servidores p\u00fablicos, logrando con ello impulsar una Gesti\u00f3n Publica de Calidad, en apego a las normas y disposiciones legales aplicables, para construir con la &hellip;<\/p>\n<p class=\"read-more\"> <a class=\"\" href=\"https:\/\/mexquiticdecarmona-slp.gob.mx\/2021-2024\/contraloria\/\"> <span class=\"screen-reader-text\">Contralor\u00eda<\/span> Leer m\u00e1s &raquo;<\/a><\/p>\n","protected":false},"author":1,"featured_media":0,"parent":0,"menu_order":0,"comment_status":"closed","ping_status":"closed","template":"","meta":{"site-sidebar-layout":"default","site-content-layout":"default","ast-main-header-display":"","ast-hfb-above-header-display":"","ast-hfb-below-header-display":"","ast-hfb-mobile-header-display":"","site-post-title":"","ast-breadcrumbs-content":"","ast-featured-img":"","footer-sml-layout":"","theme-transparent-header-meta":"","adv-header-id-meta":"","stick-header-meta":"","header-above-stick-meta":"","header-main-stick-meta":"","header-below-stick-meta":"","footnotes":""},"class_list":["post-963","page","type-page","status-publish","hentry"],"acf":[],"_links":{"self":[{"href":"https:\/\/mexquiticdecarmona-slp.gob.mx\/2021-2024\/wp-json\/wp\/v2\/pages\/963","targetHints":{"allow":["GET"]}}],"collection":[{"href":"https:\/\/mexquiticdecarmona-slp.gob.mx\/2021-2024\/wp-json\/wp\/v2\/pages"}],"about":[{"href":"https:\/\/mexquiticdecarmona-slp.gob.mx\/2021-2024\/wp-json\/wp\/v2\/types\/page"}],"author":[{"embeddable":true,"href":"https:\/\/mexquiticdecarmona-slp.gob.mx\/2021-2024\/wp-json\/wp\/v2\/users\/1"}],"replies":[{"embeddable":true,"href":"https:\/\/mexquiticdecarmona-slp.gob.mx\/2021-2024\/wp-json\/wp\/v2\/comments?post=963"}],"version-history":[{"count":1,"href":"https:\/\/mexquiticdecarmona-slp.gob.mx\/2021-2024\/wp-json\/wp\/v2\/pages\/963\/revisions"}],"predecessor-version":[{"id":2070,"href":"https:\/\/mexquiticdecarmona-slp.gob.mx\/2021-2024\/wp-json\/wp\/v2\/pages\/963\/revisions\/2070"}],"wp:attachment":[{"href":"https:\/\/mexquiticdecarmona-slp.gob.mx\/2021-2024\/wp-json\/wp\/v2\/media?parent=963"}],"curies":[{"name":"wp","href":"https:\/\/api.w.org\/{rel}","templated":true}]}}