{"id":412,"date":"2018-11-29T18:35:42","date_gmt":"2018-11-30T00:35:42","guid":{"rendered":"http:\/\/mexquiticdecarmona-slp.gob.mx\/2018-2021\/?page_id=412"},"modified":"2024-02-14T02:02:46","modified_gmt":"2024-02-14T02:02:46","slug":"inicio","status":"publish","type":"page","link":"https:\/\/mexquiticdecarmona-slp.gob.mx\/2021-2024\/","title":{"rendered":"Inicio"},"content":{"rendered":"\n<h2 class=\"wp-block-heading\"><strong>Mensaje del presidente.<\/strong><\/h2>\n\n\n\n<div class=\"wp-block-columns is-layout-flex wp-container-core-columns-is-layout-9d6595d7 wp-block-columns-is-layout-flex\">\n<div class=\"wp-block-column is-layout-flow wp-block-column-is-layout-flow\" style=\"flex-basis:66.66%\">\n<p>Cumplimos dos a\u00f1os de haber adquirido la responsabilidad y el compromiso de estar al servicio p\u00fablico. Han sido dos a\u00f1os de mucho aprendizaje, pero sobre todo, de much\u00edsima satisfacci\u00f3n al ver m\u00e1s de 200 obras realizadas a lo largo de este tiempo y ver el cambio significativo que representa en nuestro municipio, que por mucho tiempo hab\u00eda sido olvidado. Ante la oportunidad que nos brindaron de poder servir y poder ser desde el gobierno municipal, un impulsor del cambio y la mejora, actuamos siempre bajo los principios de legalidad, honradez y eficiencia, gracias a ello, se ha podido constatar una inversi\u00f3n hist\u00f3rica en Mexquitic de Carmona. Se han emprendido acciones que se conciben, construyen y concretan de mano de la participaci\u00f3n ciudadana por medio de la gesti\u00f3n y mediante el esfuerzo y el recurso municipal, procurando siempre que el acceso a estos beneficios sea equitativo y democr\u00e1ticos. Sin embargo, aun existen retos por cumplir, si bien estos dos primeros a\u00f1os han sido un \u00e9xito en el desarrollo social, econ\u00f3mico y en infraestructura p\u00fablica y educativa, nos queda un a\u00f1o en donde redoblaremos nuestros esfuerzos para dejar constancia del cambio que estamos realizando en Mexquitic durante esta administraci\u00f3n.<\/p>\n<\/div>\n\n\n\n<div class=\"wp-block-column is-layout-flow wp-block-column-is-layout-flow\" style=\"flex-basis:33.33%\">\n<figure class=\"wp-block-image size-large is-resized\"><img loading=\"lazy\" decoding=\"async\" width=\"2560\" height=\"2560\" src=\"https:\/\/mexquiticdecarmona-slp.gob.mx\/2021-2024\/wp-content\/uploads\/2024\/02\/5-Presidente-Municipal-Arq.-Jose-HIlario-Leal-Quistian-edited-scaled.jpg\" alt=\"\" class=\"wp-image-1991\" style=\"width:322px;height:auto\" srcset=\"https:\/\/mexquiticdecarmona-slp.gob.mx\/2021-2024\/wp-content\/uploads\/2024\/02\/5-Presidente-Municipal-Arq.-Jose-HIlario-Leal-Quistian-edited-scaled.jpg 2560w, https:\/\/mexquiticdecarmona-slp.gob.mx\/2021-2024\/wp-content\/uploads\/2024\/02\/5-Presidente-Municipal-Arq.-Jose-HIlario-Leal-Quistian-edited-300x300.jpg 300w, https:\/\/mexquiticdecarmona-slp.gob.mx\/2021-2024\/wp-content\/uploads\/2024\/02\/5-Presidente-Municipal-Arq.-Jose-HIlario-Leal-Quistian-edited-1024x1024.jpg 1024w, https:\/\/mexquiticdecarmona-slp.gob.mx\/2021-2024\/wp-content\/uploads\/2024\/02\/5-Presidente-Municipal-Arq.-Jose-HIlario-Leal-Quistian-edited-150x150.jpg 150w, https:\/\/mexquiticdecarmona-slp.gob.mx\/2021-2024\/wp-content\/uploads\/2024\/02\/5-Presidente-Municipal-Arq.-Jose-HIlario-Leal-Quistian-edited-768x768.jpg 768w, https:\/\/mexquiticdecarmona-slp.gob.mx\/2021-2024\/wp-content\/uploads\/2024\/02\/5-Presidente-Municipal-Arq.-Jose-HIlario-Leal-Quistian-edited-1536x1536.jpg 1536w, https:\/\/mexquiticdecarmona-slp.gob.mx\/2021-2024\/wp-content\/uploads\/2024\/02\/5-Presidente-Municipal-Arq.-Jose-HIlario-Leal-Quistian-edited-2048x2048.jpg 2048w\" sizes=\"auto, (max-width: 2560px) 100vw, 2560px\" \/><\/figure>\n<\/div>\n<\/div>\n","protected":false},"excerpt":{"rendered":"<p>Mensaje del presidente. Cumplimos dos a\u00f1os de haber adquirido la responsabilidad y el compromiso de estar al servicio p\u00fablico. Han sido dos a\u00f1os de mucho aprendizaje, pero sobre todo, de much\u00edsima satisfacci\u00f3n al ver m\u00e1s de 200 obras realizadas a lo largo de este tiempo y ver el cambio significativo que representa en nuestro municipio, &hellip;<\/p>\n<p class=\"read-more\"> <a class=\"\" href=\"https:\/\/mexquiticdecarmona-slp.gob.mx\/2021-2024\/\"> <span class=\"screen-reader-text\">Inicio<\/span> Leer m\u00e1s &raquo;<\/a><\/p>\n","protected":false},"author":1,"featured_media":0,"parent":0,"menu_order":0,"comment_status":"closed","ping_status":"closed","template":"","meta":{"site-sidebar-layout":"default","site-content-layout":"default","ast-main-header-display":"","ast-hfb-above-header-display":"","ast-hfb-below-header-display":"","ast-hfb-mobile-header-display":"","site-post-title":"","ast-breadcrumbs-content":"","ast-featured-img":"","footer-sml-layout":"","theme-transparent-header-meta":"","adv-header-id-meta":"","stick-header-meta":"","header-above-stick-meta":"","header-main-stick-meta":"","header-below-stick-meta":"","footnotes":""},"class_list":["post-412","page","type-page","status-publish","hentry"],"acf":[],"_links":{"self":[{"href":"https:\/\/mexquiticdecarmona-slp.gob.mx\/2021-2024\/wp-json\/wp\/v2\/pages\/412","targetHints":{"allow":["GET"]}}],"collection":[{"href":"https:\/\/mexquiticdecarmona-slp.gob.mx\/2021-2024\/wp-json\/wp\/v2\/pages"}],"about":[{"href":"https:\/\/mexquiticdecarmona-slp.gob.mx\/2021-2024\/wp-json\/wp\/v2\/types\/page"}],"author":[{"embeddable":true,"href":"https:\/\/mexquiticdecarmona-slp.gob.mx\/2021-2024\/wp-json\/wp\/v2\/users\/1"}],"replies":[{"embeddable":true,"href":"https:\/\/mexquiticdecarmona-slp.gob.mx\/2021-2024\/wp-json\/wp\/v2\/comments?post=412"}],"version-history":[{"count":11,"href":"https:\/\/mexquiticdecarmona-slp.gob.mx\/2021-2024\/wp-json\/wp\/v2\/pages\/412\/revisions"}],"predecessor-version":[{"id":1993,"href":"https:\/\/mexquiticdecarmona-slp.gob.mx\/2021-2024\/wp-json\/wp\/v2\/pages\/412\/revisions\/1993"}],"wp:attachment":[{"href":"https:\/\/mexquiticdecarmona-slp.gob.mx\/2021-2024\/wp-json\/wp\/v2\/media?parent=412"}],"curies":[{"name":"wp","href":"https:\/\/api.w.org\/{rel}","templated":true}]}}