{"id":328,"date":"2018-11-22T16:07:03","date_gmt":"2018-11-22T22:07:03","guid":{"rendered":"http:\/\/mexquiticdecarmona-slp.gob.mx\/2018-2021\/?page_id=328"},"modified":"2024-03-31T05:05:48","modified_gmt":"2024-03-31T05:05:48","slug":"departamento-de-agua-potable","status":"publish","type":"page","link":"https:\/\/mexquiticdecarmona-slp.gob.mx\/2021-2024\/servicos\/departamento-de-agua-potable\/","title":{"rendered":"Departamento de Agua Potable"},"content":{"rendered":"\n<p>La Direcci\u00f3n de Agua Potable como parte de esta Administraci\u00f3n Municipal, est\u00e1 comprometida con toda la poblaci\u00f3n del Municipio de Mexquitic de Carmona para trabajar en cuanto al servicio de agua potable y as\u00ed ofrecer una vida digna a cada habitante, pues como bien sabemos el recurso h\u00eddrico es un elemento principal para el desarrollo social; ya sea en cuanto a la higiene, alimentaci\u00f3n, actividades de aseo habitacional, entre otras , de tal manera que como responsable de este departamento me he comprometido a gestionar y colaborar de la mano con el Gobierno Estatal y Federal&nbsp; en beneficio de nuestro municipio, para que este servicio est\u00e9 al alcance de cualquier persona, pues como lo establece nuestra Constituci\u00f3n, este es un derecho humano, es decir un derecho fundamental al cual todos debemos tener acceso, as\u00ed mismo uno de nuestros principales objetivos es mejorar d\u00eda a d\u00eda la calidad de la prestaci\u00f3n de este servicio, comenzando desde la atenci\u00f3n que brinda nuestro personal hasta las necesidades materiales y econ\u00f3micas para la distribuci\u00f3n de agua entre la poblaci\u00f3n.<br>Administrar y supervisar la red de distribuci\u00f3n de agua potable de la localidad de Palmar 1, ya que es el \u00fanico sistema que administra el municipio.<br>De igual manera estar trabajando de la mano con el Departamento de Ecolog\u00eda para dar seguimiento a las plantas tratadoras con las que cuenta el municipio, para su verificaci\u00f3n constante en el buen funcionamiento de las mismas y evitar posibles contaminaciones.<\/p>\n\n\n\n<p>MISION<br>Nuestra misi\u00f3n es proveer de este vital liquido a las personas que lo soliciten el cual por derecho les corresponde, para tener una mejor calidad de vida, siendo de vital importancia el acceso inmediato a este recurso para evitar problemas de salud principalmente.<\/p>\n\n\n\n<p>Visi\u00f3n<\/p>\n\n\n\n<p>Lograr abastecer completamente a las familias que soliciten el vital l\u00edquido en tiempo y forma manteniendo la sustentabilidad y el equilibrio ecol\u00f3gico.<\/p>\n\n\n\n<p>SERVICIOS QUE OFRECE EL DEPARTAMENTO:<\/p>\n\n\n\n<figure class=\"wp-block-table\"><table><tbody><tr><td>NUERO<\/td><td>SERVICIO<\/td><td>COSTO<\/td><\/tr><tr><td>1<\/td><td>Dotacion de agua, por medio de pipas<\/td><td>$250<\/td><\/tr><tr><td>2<\/td><td>Suministro de agua potable mediante serv. Medido.(\u00fanicamente a la comunidad de Palmar 1)<\/td><td>$7.71m3<\/td><\/tr><tr><td>3<\/td><td>Contratos de prestaci\u00f3n de servicio de agua potable para comunidad de Palmar 1<\/td><td>$3004.00<\/td><\/tr><tr><td>4<\/td><td>Cartas de factibilidad de agua<\/td><td>15UMA<\/td><\/tr><\/tbody><\/table><\/figure>\n","protected":false},"excerpt":{"rendered":"<p>La Direcci\u00f3n de Agua Potable como parte de esta Administraci\u00f3n Municipal, est\u00e1 comprometida con toda la poblaci\u00f3n del Municipio de Mexquitic de Carmona para trabajar en cuanto al servicio de agua potable y as\u00ed ofrecer una vida digna a cada habitante, pues como bien sabemos el recurso h\u00eddrico es un elemento principal para el desarrollo &hellip;<\/p>\n<p class=\"read-more\"> <a class=\"\" href=\"https:\/\/mexquiticdecarmona-slp.gob.mx\/2021-2024\/servicos\/departamento-de-agua-potable\/\"> <span class=\"screen-reader-text\">Departamento de Agua Potable<\/span> Leer m\u00e1s &raquo;<\/a><\/p>\n","protected":false},"author":1,"featured_media":0,"parent":315,"menu_order":2,"comment_status":"closed","ping_status":"closed","template":"","meta":{"site-sidebar-layout":"default","site-content-layout":"default","ast-main-header-display":"","ast-hfb-above-header-display":"","ast-hfb-below-header-display":"","ast-hfb-mobile-header-display":"","site-post-title":"","ast-breadcrumbs-content":"","ast-featured-img":"","footer-sml-layout":"","theme-transparent-header-meta":"","adv-header-id-meta":"","stick-header-meta":"","header-above-stick-meta":"","header-main-stick-meta":"","header-below-stick-meta":"","footnotes":""},"class_list":["post-328","page","type-page","status-publish","hentry"],"acf":[],"_links":{"self":[{"href":"https:\/\/mexquiticdecarmona-slp.gob.mx\/2021-2024\/wp-json\/wp\/v2\/pages\/328","targetHints":{"allow":["GET"]}}],"collection":[{"href":"https:\/\/mexquiticdecarmona-slp.gob.mx\/2021-2024\/wp-json\/wp\/v2\/pages"}],"about":[{"href":"https:\/\/mexquiticdecarmona-slp.gob.mx\/2021-2024\/wp-json\/wp\/v2\/types\/page"}],"author":[{"embeddable":true,"href":"https:\/\/mexquiticdecarmona-slp.gob.mx\/2021-2024\/wp-json\/wp\/v2\/users\/1"}],"replies":[{"embeddable":true,"href":"https:\/\/mexquiticdecarmona-slp.gob.mx\/2021-2024\/wp-json\/wp\/v2\/comments?post=328"}],"version-history":[{"count":1,"href":"https:\/\/mexquiticdecarmona-slp.gob.mx\/2021-2024\/wp-json\/wp\/v2\/pages\/328\/revisions"}],"predecessor-version":[{"id":2066,"href":"https:\/\/mexquiticdecarmona-slp.gob.mx\/2021-2024\/wp-json\/wp\/v2\/pages\/328\/revisions\/2066"}],"up":[{"embeddable":true,"href":"https:\/\/mexquiticdecarmona-slp.gob.mx\/2021-2024\/wp-json\/wp\/v2\/pages\/315"}],"wp:attachment":[{"href":"https:\/\/mexquiticdecarmona-slp.gob.mx\/2021-2024\/wp-json\/wp\/v2\/media?parent=328"}],"curies":[{"name":"wp","href":"https:\/\/api.w.org\/{rel}","templated":true}]}}