{"id":317,"date":"2018-11-22T15:37:11","date_gmt":"2018-11-22T21:37:11","guid":{"rendered":"http:\/\/mexquiticdecarmona-slp.gob.mx\/2018-2021\/?page_id=317"},"modified":"2024-03-31T05:01:49","modified_gmt":"2024-03-31T05:01:49","slug":"adquisiciones","status":"publish","type":"page","link":"https:\/\/mexquiticdecarmona-slp.gob.mx\/2021-2024\/servicos\/adquisiciones\/","title":{"rendered":"Adquisiciones"},"content":{"rendered":"<h2>Departamento de Adquisiciones, Arrendamientos y Servicios<\/h2>\n\n\n<p>MISION Y VISION<br>MISION<br>Contribuir a travez del desarrollo de las actividades asignadas al Departamento con la mejora dela calidad de vida de los habitantes en base a sus derechos humanos, logrando asi representar un cambio benefico para la poblaci\u00f3n del Municipio superando las expectativas que pueden existir alrededor de los resultados esperados por la Administracion 2021-2024<br>VISION<br>Ser un departamento de Gobierno que se distinga por poseer cualidades como la competencia, eficiencia, transparencia, y proactividad con que desarrolla su quehacer diario, contrubuyendo asi a un optimo desarrollo de la labor prestada por el H. Ayunyamiento<\/p>\n\n\n\n<p>FUNCIONES<br>A continuacion, se describen las finciones sustantivas a desempe\u00f1ar por el Departamento de Adquisiciones, Arrendamientos y Servicios de Manera general<br>*Programar, coordinar y realizar la adquisici\u00f3n de material, suministros, bienes muebles, etc. en las mejores condiciones de costo, calidad y oportunidad, que sea requeridos para el desarrollo de actividades de las diferentes \u00e1reas del organismo del H. Ayuntamiento tanto de manera interna, como en el \u00e1mbito de apoyos sociales<br>*Programar, coordinar y realizar el arrendamiento de materiales, suministros, bienes muebles, etc. en las mejores condiciones de costo, calidad y oportunidad, que sea requeridos para el desarrollo de actividades de las diferentes \u00e1reas del organismo del H. Ayuntamiento tanto de manera interna, como en el \u00e1mbito de apoyos sociales<br>*Programar, coordinar y realizar la contrataci\u00f3n de servicios en las mejores condiciones de costo, calidad y oportunidad, que sean requeridos para el desarrollo de actividades de las diferentes \u00e1reas del organismo del H. Ayuntamiento tanto de manera interna, como en el \u00e1mbito de apoyos sociales<br>*Evaluar las condiciones bajo la cuales se debe realizar una adquisici\u00f3n\/arrendamiento\/contrataci\u00f3n de servicios seg\u00fan el Marco Juridico que nos rige, para asi llevar a cabo el procedimiento correcto de acuerdo a las caracter\u00edsticas que deba poseer el expediente<br>*Llevar a cabo los procesos de invitaci\u00f3n restringida y licitaci\u00f3n para efectuar las adquisiciones de bienes de manera apegada al marco jur\u00eddico que nos rige<br>*Recibir, gestionar dar seguimiento a las solicitudes por parte de Departamentos que conforman el H. Ayuntamiento y comit\u00e9 que gestionan apoyos sociales ante el Presidente Municipal<br>*Presupuestar el corto de adquirir\/arrendar o contratar alg\u00fan material, suministro, bien mueble, etc., para brindar un panorama general de la implicaci\u00f3n al presupuesto municipal<br>*Compilar y administrar de manera anual el Padron de Proveedores del H. Ayuntamiento a trav\u00e9s de la solicitud de documentos y posterior valuaci\u00f3n y clasificaci\u00f3n<br>*Coordinar y entregar materiales, suministros, bienes muebles, etc.,que hayan sido solicitados para el desarrollo de actividades de las diferentes \u00e1reas del organismo del H. Ayuntamiento tanto de manera interna, como en el \u00e1mbito de apoyos sociales<br>*Realizar y autorizar ordenes de pago junto a la autorizaci\u00f3n del Presidente Municipal y Oficial Mayor para el Departamento de Tesoreria y anexar su correspondiente expediente donde se valide la raz\u00f3n de pago<br>*Controlar y resguardar oficios de solicitudes hasta que el Presidente dictamine una respuesta positiva o negativa y notificar esta informaci\u00f3n a la parte solicitante<br>*Coordinar por medio del Comit\u00e9 de Adquisiciones la adquisici\u00f3n\/arrendamiento\/contrataci\u00f3n de servicios de solicitudes que requiere su intervenci\u00f3n<br>*Controlar y resguardar copias de expedientes de ordenes de pago entregadas al Departamento de Tesoreria<br>*Archivar los documentos existentes en el Departamento de manera oportuna y acorde a lo necesario para el buen funcionamiento de \u00e1rea<\/p>\n","protected":false},"excerpt":{"rendered":"<p>Departamento de Adquisiciones, Arrendamientos y Servicios MISION Y VISIONMISIONContribuir a travez del desarrollo de las actividades asignadas al Departamento con la mejora dela calidad de vida de los habitantes en base a sus derechos humanos, logrando asi representar un cambio benefico para la poblaci\u00f3n del Municipio superando las expectativas que pueden existir alrededor de los &hellip;<\/p>\n<p class=\"read-more\"> <a class=\"\" href=\"https:\/\/mexquiticdecarmona-slp.gob.mx\/2021-2024\/servicos\/adquisiciones\/\"> <span class=\"screen-reader-text\">Adquisiciones<\/span> Leer m\u00e1s &raquo;<\/a><\/p>\n","protected":false},"author":1,"featured_media":0,"parent":315,"menu_order":0,"comment_status":"closed","ping_status":"closed","template":"","meta":{"site-sidebar-layout":"default","site-content-layout":"default","ast-main-header-display":"","ast-hfb-above-header-display":"","ast-hfb-below-header-display":"","ast-hfb-mobile-header-display":"","site-post-title":"","ast-breadcrumbs-content":"","ast-featured-img":"","footer-sml-layout":"","theme-transparent-header-meta":"","adv-header-id-meta":"","stick-header-meta":"","header-above-stick-meta":"","header-main-stick-meta":"","header-below-stick-meta":"","footnotes":""},"class_list":["post-317","page","type-page","status-publish","hentry"],"acf":[],"_links":{"self":[{"href":"https:\/\/mexquiticdecarmona-slp.gob.mx\/2021-2024\/wp-json\/wp\/v2\/pages\/317","targetHints":{"allow":["GET"]}}],"collection":[{"href":"https:\/\/mexquiticdecarmona-slp.gob.mx\/2021-2024\/wp-json\/wp\/v2\/pages"}],"about":[{"href":"https:\/\/mexquiticdecarmona-slp.gob.mx\/2021-2024\/wp-json\/wp\/v2\/types\/page"}],"author":[{"embeddable":true,"href":"https:\/\/mexquiticdecarmona-slp.gob.mx\/2021-2024\/wp-json\/wp\/v2\/users\/1"}],"replies":[{"embeddable":true,"href":"https:\/\/mexquiticdecarmona-slp.gob.mx\/2021-2024\/wp-json\/wp\/v2\/comments?post=317"}],"version-history":[{"count":1,"href":"https:\/\/mexquiticdecarmona-slp.gob.mx\/2021-2024\/wp-json\/wp\/v2\/pages\/317\/revisions"}],"predecessor-version":[{"id":2064,"href":"https:\/\/mexquiticdecarmona-slp.gob.mx\/2021-2024\/wp-json\/wp\/v2\/pages\/317\/revisions\/2064"}],"up":[{"embeddable":true,"href":"https:\/\/mexquiticdecarmona-slp.gob.mx\/2021-2024\/wp-json\/wp\/v2\/pages\/315"}],"wp:attachment":[{"href":"https:\/\/mexquiticdecarmona-slp.gob.mx\/2021-2024\/wp-json\/wp\/v2\/media?parent=317"}],"curies":[{"name":"wp","href":"https:\/\/api.w.org\/{rel}","templated":true}]}}