{"id":2111,"date":"2024-03-31T05:42:17","date_gmt":"2024-03-31T05:42:17","guid":{"rendered":"https:\/\/mexquiticdecarmona-slp.gob.mx\/2021-2024\/?page_id=2111"},"modified":"2024-03-31T05:42:18","modified_gmt":"2024-03-31T05:42:18","slug":"direccion-de-comercio","status":"publish","type":"page","link":"https:\/\/mexquiticdecarmona-slp.gob.mx\/2021-2024\/direccion-de-comercio\/","title":{"rendered":"DIRECCION DE COMERCIO"},"content":{"rendered":"\n<p>La direcci\u00f3n de comercio municipal se encarga de regular la actividad comercial en establecimiento fijo, semifijo y ambulante, as\u00ed mismo de la actividad Industrial y prestaci\u00f3n de servicio, con el objetivo de, que, los comercio trabajen de manera licita.<\/p>\n\n\n\n<p>Servicio y\/o tram\u00edteles que se ofrecen:<\/p>\n\n\n\n<p>\u2981 Licencia para actividades comercial, industrial y prestaci\u00f3n de servicio<br>\u2981 Licencia de publicidad y anuncio.<br>\u2981 Refrendo de licencia para actividades comercial, industrial y prestaci\u00f3n de servicio.<br>\u2981 Refrendo de licencia de publicidad y anuncio.<br>\u2981 Permiso provisional para actividad comercial.<br>\u2981 Regulaci\u00f3n de actividad comercial en eventos.<br>\u2981 Regulaci\u00f3n de tianguis.<br>\u2981 Visitas de verificaci\u00f3n a todo tipo de negocio.<\/p>\n\n\n\n<p>Horario de atenci\u00f3n a la ciudadan\u00eda:<\/p>\n\n\n\n<ul class=\"wp-block-list\">\n<li>De lunes a jueves de 08:00 a 16:00 horas,<\/li>\n\n\n\n<li>Viernes y domingo de 08:00 a 14:00 horas.<\/li>\n<\/ul>\n\n\n\n<p>Tel\u00e9fono:<\/p>\n\n\n\n<ul class=\"wp-block-list\">\n<li>444 855 30 46<\/li>\n\n\n\n<li>444 855 30 84<\/li>\n\n\n\n<li>444 855 30 85<\/li>\n<\/ul>\n","protected":false},"excerpt":{"rendered":"<p>La direcci\u00f3n de comercio municipal se encarga de regular la actividad comercial en establecimiento fijo, semifijo y ambulante, as\u00ed mismo de la actividad Industrial y prestaci\u00f3n de servicio, con el objetivo de, que, los comercio trabajen de manera licita. Servicio y\/o tram\u00edteles que se ofrecen: \u2981 Licencia para actividades comercial, industrial y prestaci\u00f3n de servicio\u2981 &hellip;<\/p>\n<p class=\"read-more\"> <a class=\"\" href=\"https:\/\/mexquiticdecarmona-slp.gob.mx\/2021-2024\/direccion-de-comercio\/\"> <span class=\"screen-reader-text\">DIRECCION DE COMERCIO<\/span> Leer m\u00e1s &raquo;<\/a><\/p>\n","protected":false},"author":2,"featured_media":0,"parent":0,"menu_order":0,"comment_status":"closed","ping_status":"closed","template":"","meta":{"site-sidebar-layout":"default","site-content-layout":"default","ast-main-header-display":"","ast-hfb-above-header-display":"","ast-hfb-below-header-display":"","ast-hfb-mobile-header-display":"","site-post-title":"","ast-breadcrumbs-content":"","ast-featured-img":"","footer-sml-layout":"","theme-transparent-header-meta":"","adv-header-id-meta":"","stick-header-meta":"","header-above-stick-meta":"","header-main-stick-meta":"","header-below-stick-meta":"","footnotes":""},"class_list":["post-2111","page","type-page","status-publish","hentry"],"acf":[],"_links":{"self":[{"href":"https:\/\/mexquiticdecarmona-slp.gob.mx\/2021-2024\/wp-json\/wp\/v2\/pages\/2111","targetHints":{"allow":["GET"]}}],"collection":[{"href":"https:\/\/mexquiticdecarmona-slp.gob.mx\/2021-2024\/wp-json\/wp\/v2\/pages"}],"about":[{"href":"https:\/\/mexquiticdecarmona-slp.gob.mx\/2021-2024\/wp-json\/wp\/v2\/types\/page"}],"author":[{"embeddable":true,"href":"https:\/\/mexquiticdecarmona-slp.gob.mx\/2021-2024\/wp-json\/wp\/v2\/users\/2"}],"replies":[{"embeddable":true,"href":"https:\/\/mexquiticdecarmona-slp.gob.mx\/2021-2024\/wp-json\/wp\/v2\/comments?post=2111"}],"version-history":[{"count":1,"href":"https:\/\/mexquiticdecarmona-slp.gob.mx\/2021-2024\/wp-json\/wp\/v2\/pages\/2111\/revisions"}],"predecessor-version":[{"id":2112,"href":"https:\/\/mexquiticdecarmona-slp.gob.mx\/2021-2024\/wp-json\/wp\/v2\/pages\/2111\/revisions\/2112"}],"wp:attachment":[{"href":"https:\/\/mexquiticdecarmona-slp.gob.mx\/2021-2024\/wp-json\/wp\/v2\/media?parent=2111"}],"curies":[{"name":"wp","href":"https:\/\/api.w.org\/{rel}","templated":true}]}}