{"id":2109,"date":"2024-03-31T05:40:25","date_gmt":"2024-03-31T05:40:25","guid":{"rendered":"https:\/\/mexquiticdecarmona-slp.gob.mx\/2021-2024\/?page_id=2109"},"modified":"2024-03-31T05:40:26","modified_gmt":"2024-03-31T05:40:26","slug":"alubrado-publico","status":"publish","type":"page","link":"https:\/\/mexquiticdecarmona-slp.gob.mx\/2021-2024\/alubrado-publico\/","title":{"rendered":"Alubrado P\u00fablico"},"content":{"rendered":"\n<p>La direcci\u00f3n de Alumbrado Publico est\u00e1 a cargo del C.Tereso Hern\u00e1ndez Pineda d\u00farate el periodo Se ha ido desarrollando a lo largo de la administraci\u00f3n, para todas las 148 comunidades de nuestro municipio se beneficiaron hasta un 47% por ciento.<\/p>\n\n\n\n<p>Se rehabilitan conexiones en instituciones como Escuelas, nuestros centros de salud algunas casas que no contaban con el servicio y lugares religiosos la cual se encontraban en p\u00e9simas condiciones con ello brindamos un mejor servicio.<\/p>\n\n\n\n<p>Contamos con el cambio de foco cuyos se encuentren fundidos aquellos que ya no se encuentran con suficiente intensidad de luz ,se encuentra deteriorados, rotos y no brindaban el servicio suficiente, en algunos casos cambios de fotocelda, mantenimientos a los postes para que se encuentren en mejores condiciones para nuestro servicio y con ello evitar los accidentes, robos y secuestros.<\/p>\n\n\n\n<p>Se realiza la colocaron de l\u00e1mparas completas y l\u00e1mparas led para aquellos lugares que son muy concurridos como plazas iglesias y caminos que se encuentran con muy poca iluminaci\u00f3n.<\/p>\n\n\n\n<p>Apoyamos con el pr\u00e9stamo de reflectores se ven beneficiadas las comunidades para sus eventos, como fiestas patronales y eventos la cual esto ayuda a evitar los accidentes, o alg\u00fan otro conflicto y contando con una iluminaci\u00f3n excelente.<\/p>\n\n\n\n<p>La direcci\u00f3n de Alumbrado Publico est\u00e1 a cargo del C.Tereso Hern\u00e1ndez Pineda d\u00farate el periodo Se ha ido desarrollando a lo largo de la administraci\u00f3n, para todas las 148 comunidades de nuestro municipio se beneficiaron hasta un 47% por ciento.<\/p>\n\n\n\n<p>Se rehabilitan conexiones en instituciones como Escuelas, nuestros centros de salud algunas casas que no contaban con el servicio y lugares religiosos la cual se encontraban en p\u00e9simas condiciones con ello brindamos un mejor servicio.<\/p>\n\n\n\n<p>Contamos con el cambio de foco cuyos se encuentren fundidos aquellos que ya no se encuentran con suficiente intensidad de luz ,se encuentra deteriorados, rotos y no brindaban el servicio suficiente, en algunos casos cambios de fotocelda, mantenimientos a los postes para que se encuentren en mejores condiciones para nuestro servicio y con ello evitar los accidentes, robos y secuestros.<\/p>\n\n\n\n<p>Se realiza la colocaron de l\u00e1mparas completas y l\u00e1mparas led para aquellos lugares que son muy concurridos como plazas iglesias y caminos que se encuentran con muy poca iluminaci\u00f3n.<\/p>\n\n\n\n<p>Apoyamos con el pr\u00e9stamo de reflectores se ven beneficiadas las comunidades para sus eventos, como fiestas patronales y eventos la cual esto ayuda a evitar los accidentes, o alg\u00fan otro conflicto y contando con una iluminaci\u00f3n excelente.<\/p>\n\n\n\n<p><\/p>\n","protected":false},"excerpt":{"rendered":"<p>La direcci\u00f3n de Alumbrado Publico est\u00e1 a cargo del C.Tereso Hern\u00e1ndez Pineda d\u00farate el periodo Se ha ido desarrollando a lo largo de la administraci\u00f3n, para todas las 148 comunidades de nuestro municipio se beneficiaron hasta un 47% por ciento. Se rehabilitan conexiones en instituciones como Escuelas, nuestros centros de salud algunas casas que no &hellip;<\/p>\n<p class=\"read-more\"> <a class=\"\" href=\"https:\/\/mexquiticdecarmona-slp.gob.mx\/2021-2024\/alubrado-publico\/\"> <span class=\"screen-reader-text\">Alubrado P\u00fablico<\/span> Leer m\u00e1s &raquo;<\/a><\/p>\n","protected":false},"author":2,"featured_media":0,"parent":0,"menu_order":0,"comment_status":"closed","ping_status":"closed","template":"","meta":{"site-sidebar-layout":"default","site-content-layout":"default","ast-main-header-display":"","ast-hfb-above-header-display":"","ast-hfb-below-header-display":"","ast-hfb-mobile-header-display":"","site-post-title":"","ast-breadcrumbs-content":"","ast-featured-img":"","footer-sml-layout":"","theme-transparent-header-meta":"","adv-header-id-meta":"","stick-header-meta":"","header-above-stick-meta":"","header-main-stick-meta":"","header-below-stick-meta":"","footnotes":""},"class_list":["post-2109","page","type-page","status-publish","hentry"],"acf":[],"_links":{"self":[{"href":"https:\/\/mexquiticdecarmona-slp.gob.mx\/2021-2024\/wp-json\/wp\/v2\/pages\/2109","targetHints":{"allow":["GET"]}}],"collection":[{"href":"https:\/\/mexquiticdecarmona-slp.gob.mx\/2021-2024\/wp-json\/wp\/v2\/pages"}],"about":[{"href":"https:\/\/mexquiticdecarmona-slp.gob.mx\/2021-2024\/wp-json\/wp\/v2\/types\/page"}],"author":[{"embeddable":true,"href":"https:\/\/mexquiticdecarmona-slp.gob.mx\/2021-2024\/wp-json\/wp\/v2\/users\/2"}],"replies":[{"embeddable":true,"href":"https:\/\/mexquiticdecarmona-slp.gob.mx\/2021-2024\/wp-json\/wp\/v2\/comments?post=2109"}],"version-history":[{"count":1,"href":"https:\/\/mexquiticdecarmona-slp.gob.mx\/2021-2024\/wp-json\/wp\/v2\/pages\/2109\/revisions"}],"predecessor-version":[{"id":2110,"href":"https:\/\/mexquiticdecarmona-slp.gob.mx\/2021-2024\/wp-json\/wp\/v2\/pages\/2109\/revisions\/2110"}],"wp:attachment":[{"href":"https:\/\/mexquiticdecarmona-slp.gob.mx\/2021-2024\/wp-json\/wp\/v2\/media?parent=2109"}],"curies":[{"name":"wp","href":"https:\/\/api.w.org\/{rel}","templated":true}]}}