{"id":2107,"date":"2024-03-31T05:38:10","date_gmt":"2024-03-31T05:38:10","guid":{"rendered":"https:\/\/mexquiticdecarmona-slp.gob.mx\/2021-2024\/?page_id=2107"},"modified":"2024-03-31T05:38:11","modified_gmt":"2024-03-31T05:38:11","slug":"secretaria-particular","status":"publish","type":"page","link":"https:\/\/mexquiticdecarmona-slp.gob.mx\/2021-2024\/secretaria-particular\/","title":{"rendered":"SECRETARIA PARTICULAR"},"content":{"rendered":"\n<h2 class=\"wp-block-heading\">FUNCIONES<\/h2>\n\n\n\n<p>1.Planear y coordinar la calendarizaci\u00f3n de la actividades del Presidente Municipal en su interrelaci\u00f3n con la cuidadania, autoridades, organismos, empleados municipales, entre otros, a fin de que su agenda diaria se administre de manera optima y se lleve a cabo eficientemente en tiempo y forma<br>2.Brindar una atenci\u00f3n a los ciudadanos que acudan a externar sus peticiones y quejas, canaliz\u00e1ndolos a las dependencias correspondientes<br>3.Proporcionar a los ciudadanos una informaci\u00f3n correcta y adecuada de los tramites y servicios, cuando asi lo soliciten<br>4.Elaborar las propuestas para la representaci\u00f3n del Presidente Municipal en eventos oficiales a los que no pueda asistir por compromisos contra\u00eddos<br>5.Establecer y mantener una comunicaci\u00f3n directa con las Secretarias Particulares de los municipios y del gobierno de el estado<br>6.Conocer la informaci\u00f3n que se le proporcionara al alcalde en relaci\u00f3n a problemas, soluciones o demandas que tengan que ver con la comunidad<br>7.Mantener relaciones publicas entre organismos p\u00fablicos y privados<br>8.Coordinar las instrucciones giradas por el Presidente Municipal a todos los titulares de los departamentos para darles a conocer las acciones que habran de realizar<br>9.Realizr las dem\u00e1s actividades que se deriven de la naturaleza de su cargo o que le sean encomendadas por el Presidente Municipal<br>10.Dar respuesta a las soluciones de acceso a la informaci\u00f3n publica que sea solicitada a trav\u00e9s del departamento de transparencia municipal<br>11.Y las dem\u00e1s inherentes al cargo que desempe\u00f1an dentro de la administraci\u00f3n publica Municipal<\/p>\n\n\n\n<h2 class=\"wp-block-heading\">FUNCIONES<\/h2>\n\n\n\n<p>1.Control y seguimiento de la correspondencia que se recibe y se emite por parte de la secretaria Particular y del Presidente Municipal<br>2.Atencion al Publico y canalizaci\u00f3n a los respectivos departamentos que integran la Direccion<br>3.Recepcion de solicitudes<br>4.Llevar el control de resguardos de la secretaria<br>5.Atencion telef\u00f3nica<br>6.Desarrollar todas aquellas funciones inherentes al \u00e1rea de su competencia<br>7.Cumplir con la m\u00e1xima diligencia en el marco normativo que rigen en su actuar en su \u00e1rea<br>8.Auxiliar en la log\u00edstica de eventos p\u00fablicos<br>9.Dar seguimiento a las solicitudes y gestiones asignadas<br>10.y de las dem\u00e1s inherentes al cargo que desempe\u00f1an dentro de la administraci\u00f3n publica Municipal<\/p>\n","protected":false},"excerpt":{"rendered":"<p>FUNCIONES 1.Planear y coordinar la calendarizaci\u00f3n de la actividades del Presidente Municipal en su interrelaci\u00f3n con la cuidadania, autoridades, organismos, empleados municipales, entre otros, a fin de que su agenda diaria se administre de manera optima y se lleve a cabo eficientemente en tiempo y forma2.Brindar una atenci\u00f3n a los ciudadanos que acudan a externar &hellip;<\/p>\n<p class=\"read-more\"> <a class=\"\" href=\"https:\/\/mexquiticdecarmona-slp.gob.mx\/2021-2024\/secretaria-particular\/\"> <span class=\"screen-reader-text\">SECRETARIA PARTICULAR<\/span> Leer m\u00e1s &raquo;<\/a><\/p>\n","protected":false},"author":2,"featured_media":0,"parent":0,"menu_order":0,"comment_status":"closed","ping_status":"closed","template":"","meta":{"site-sidebar-layout":"default","site-content-layout":"default","ast-main-header-display":"","ast-hfb-above-header-display":"","ast-hfb-below-header-display":"","ast-hfb-mobile-header-display":"","site-post-title":"","ast-breadcrumbs-content":"","ast-featured-img":"","footer-sml-layout":"","theme-transparent-header-meta":"","adv-header-id-meta":"","stick-header-meta":"","header-above-stick-meta":"","header-main-stick-meta":"","header-below-stick-meta":"","footnotes":""},"class_list":["post-2107","page","type-page","status-publish","hentry"],"acf":[],"_links":{"self":[{"href":"https:\/\/mexquiticdecarmona-slp.gob.mx\/2021-2024\/wp-json\/wp\/v2\/pages\/2107","targetHints":{"allow":["GET"]}}],"collection":[{"href":"https:\/\/mexquiticdecarmona-slp.gob.mx\/2021-2024\/wp-json\/wp\/v2\/pages"}],"about":[{"href":"https:\/\/mexquiticdecarmona-slp.gob.mx\/2021-2024\/wp-json\/wp\/v2\/types\/page"}],"author":[{"embeddable":true,"href":"https:\/\/mexquiticdecarmona-slp.gob.mx\/2021-2024\/wp-json\/wp\/v2\/users\/2"}],"replies":[{"embeddable":true,"href":"https:\/\/mexquiticdecarmona-slp.gob.mx\/2021-2024\/wp-json\/wp\/v2\/comments?post=2107"}],"version-history":[{"count":1,"href":"https:\/\/mexquiticdecarmona-slp.gob.mx\/2021-2024\/wp-json\/wp\/v2\/pages\/2107\/revisions"}],"predecessor-version":[{"id":2108,"href":"https:\/\/mexquiticdecarmona-slp.gob.mx\/2021-2024\/wp-json\/wp\/v2\/pages\/2107\/revisions\/2108"}],"wp:attachment":[{"href":"https:\/\/mexquiticdecarmona-slp.gob.mx\/2021-2024\/wp-json\/wp\/v2\/media?parent=2107"}],"curies":[{"name":"wp","href":"https:\/\/api.w.org\/{rel}","templated":true}]}}