{"id":2097,"date":"2024-03-31T05:33:56","date_gmt":"2024-03-31T05:33:56","guid":{"rendered":"https:\/\/mexquiticdecarmona-slp.gob.mx\/2021-2024\/?page_id=2097"},"modified":"2024-03-31T05:33:57","modified_gmt":"2024-03-31T05:33:57","slug":"instancia-de-la-mujer","status":"publish","type":"page","link":"https:\/\/mexquiticdecarmona-slp.gob.mx\/2021-2024\/instancia-de-la-mujer\/","title":{"rendered":"INSTANCIA DE LA MUJER"},"content":{"rendered":"\n<p>Es una \u00e1rea dentro de la Administracion Municipal, donde ofrece los servicios de Mastografias, Papanicolaou, apoyo Psicologico, apoyo Juridico, implementa platicas y talleres para el Publico en general, promueve y fomenta las condiciones que garanticen la igualdad real de oportunidades de trato entre hombres y mujeres, la igualdad de genero, la no discriminaci\u00f3n, el ejercicio pleno de todos los derechos y su participaci\u00f3n en la vida social, econ\u00f3mica y cultural, donde la familia puede contar con la buena calidad de vida.<\/p>\n","protected":false},"excerpt":{"rendered":"<p>Es una \u00e1rea dentro de la Administracion Municipal, donde ofrece los servicios de Mastografias, Papanicolaou, apoyo Psicologico, apoyo Juridico, implementa platicas y talleres para el Publico en general, promueve y fomenta las condiciones que garanticen la igualdad real de oportunidades de trato entre hombres y mujeres, la igualdad de genero, la no discriminaci\u00f3n, el ejercicio &hellip;<\/p>\n<p class=\"read-more\"> <a class=\"\" href=\"https:\/\/mexquiticdecarmona-slp.gob.mx\/2021-2024\/instancia-de-la-mujer\/\"> <span class=\"screen-reader-text\">INSTANCIA DE LA MUJER<\/span> Leer m\u00e1s &raquo;<\/a><\/p>\n","protected":false},"author":2,"featured_media":0,"parent":0,"menu_order":0,"comment_status":"closed","ping_status":"closed","template":"","meta":{"site-sidebar-layout":"default","site-content-layout":"default","ast-main-header-display":"","ast-hfb-above-header-display":"","ast-hfb-below-header-display":"","ast-hfb-mobile-header-display":"","site-post-title":"","ast-breadcrumbs-content":"","ast-featured-img":"","footer-sml-layout":"","theme-transparent-header-meta":"","adv-header-id-meta":"","stick-header-meta":"","header-above-stick-meta":"","header-main-stick-meta":"","header-below-stick-meta":"","footnotes":""},"class_list":["post-2097","page","type-page","status-publish","hentry"],"acf":[],"_links":{"self":[{"href":"https:\/\/mexquiticdecarmona-slp.gob.mx\/2021-2024\/wp-json\/wp\/v2\/pages\/2097","targetHints":{"allow":["GET"]}}],"collection":[{"href":"https:\/\/mexquiticdecarmona-slp.gob.mx\/2021-2024\/wp-json\/wp\/v2\/pages"}],"about":[{"href":"https:\/\/mexquiticdecarmona-slp.gob.mx\/2021-2024\/wp-json\/wp\/v2\/types\/page"}],"author":[{"embeddable":true,"href":"https:\/\/mexquiticdecarmona-slp.gob.mx\/2021-2024\/wp-json\/wp\/v2\/users\/2"}],"replies":[{"embeddable":true,"href":"https:\/\/mexquiticdecarmona-slp.gob.mx\/2021-2024\/wp-json\/wp\/v2\/comments?post=2097"}],"version-history":[{"count":1,"href":"https:\/\/mexquiticdecarmona-slp.gob.mx\/2021-2024\/wp-json\/wp\/v2\/pages\/2097\/revisions"}],"predecessor-version":[{"id":2098,"href":"https:\/\/mexquiticdecarmona-slp.gob.mx\/2021-2024\/wp-json\/wp\/v2\/pages\/2097\/revisions\/2098"}],"wp:attachment":[{"href":"https:\/\/mexquiticdecarmona-slp.gob.mx\/2021-2024\/wp-json\/wp\/v2\/media?parent=2097"}],"curies":[{"name":"wp","href":"https:\/\/api.w.org\/{rel}","templated":true}]}}