{"id":2092,"date":"2024-03-31T05:29:38","date_gmt":"2024-03-31T05:29:38","guid":{"rendered":"https:\/\/mexquiticdecarmona-slp.gob.mx\/2021-2024\/?page_id=2092"},"modified":"2024-03-31T05:29:39","modified_gmt":"2024-03-31T05:29:39","slug":"inapam","status":"publish","type":"page","link":"https:\/\/mexquiticdecarmona-slp.gob.mx\/2021-2024\/inapam\/","title":{"rendered":"INAPAM"},"content":{"rendered":"\n<p>EL instituto de las Personas Adultas Mayores [INAPAM] y Ayuntamiento coordinan esfuerzo para dar atenci\u00f3n a la poblaci\u00f3n Adulta, por lo cual se designa en los Municipios un Modulo INAPAM mismo que es dirigido por un Representante Municipal.<br>El \u00e1rea tiene como finalidad brindar servicio de calidad y atenci\u00f3n oportuna a los Adultos Mayores de la entidad mediante lo cual se salvaguarda sus derechos estipulados en la Ley de Derechos de las Personas Adulta Mayores. Siendo un modulo, este se coordina con diversas \u00e1reas y entes p\u00fablicos para cumplir con su objetivo.<br>El ultimo sexenio, INAPAM ha sufrido cambios modificatorios a su servicio por lo cual las actividades que este ente realiza se han visto afectadas. En espera de los nuevos lineamientos que lo regiran; al momento, el \u00e1rea ofrece los siguientes servicios:<\/p>\n\n\n\n<ul class=\"wp-block-list\">\n<li>Brinda servicio informativo al Adulto para la realizaci\u00f3n de tramites de credencial INAPAM, al igual que para el tramite de Registro al Programa de Pension.<\/li>\n\n\n\n<li>Informar a la ciudadan\u00eda sobre la calendarizaci\u00f3n de dispersi\u00f3n de Pension para el Adulto Mayor [PPAM], y de igual manera para el tramite del INE.<\/li>\n\n\n\n<li>Apoyar a la poblaci\u00f3n Adulta para realizaci\u00f3n de tramites.<\/li>\n\n\n\n<li>Realizar canalizaci\u00f3n de Adultos a la \u00e1reas pertinentes, mismas que le apoyaran en dar soluci\u00f3n a sus peticiones o servicios requeridos como los es su salud, asistencia emocional y jur\u00eddica, entre otras.<\/li>\n\n\n\n<li>Promover la activaci\u00f3n de Clubs INAPAM, realizando invitaci\u00f3n y llevando talleres de emprendimiento y conferencias informativas a los Adultos del Municipio.*Gestionar apoyos para este grupo de poblaci\u00f3n, los cuales les permitan su bienestar.<\/li>\n\n\n\n<li>El personal que labora en esta \u00e1rea cuenta con principios morales solidos al igual que sus valores, ya que el adulto debe ser tratado con respeto y tolerancia; es decir, recibir una atenci\u00f3n digna que no denigre su ser.<\/li>\n<\/ul>\n\n\n\n<h2 class=\"wp-block-heading\">Requisitos para tramite de credencial INAPAM:<\/h2>\n\n\n\n<ul class=\"wp-block-list\">\n<li>CURP<\/li>\n\n\n\n<li>Acta de nacimiento legible<\/li>\n\n\n\n<li>Identificacion oficial vigente<\/li>\n\n\n\n<li>Comprobante de domicilio<\/li>\n\n\n\n<li>Una fotograf\u00eda reciente a tama\u00f1o infantil y color<\/li>\n\n\n\n<li>CURP de contacto de emergencia [familiar o persona responsable del Adulto]<\/li>\n\n\n\n<li>Numero telef\u00f3nico del contacto<\/li>\n<\/ul>\n\n\n\n<p>Edad de tramite: a partir de los 60 a\u00f1os cumplidos<\/p>\n","protected":false},"excerpt":{"rendered":"<p>EL instituto de las Personas Adultas Mayores [INAPAM] y Ayuntamiento coordinan esfuerzo para dar atenci\u00f3n a la poblaci\u00f3n Adulta, por lo cual se designa en los Municipios un Modulo INAPAM mismo que es dirigido por un Representante Municipal.El \u00e1rea tiene como finalidad brindar servicio de calidad y atenci\u00f3n oportuna a los Adultos Mayores de la &hellip;<\/p>\n<p class=\"read-more\"> <a class=\"\" href=\"https:\/\/mexquiticdecarmona-slp.gob.mx\/2021-2024\/inapam\/\"> <span class=\"screen-reader-text\">INAPAM<\/span> Leer m\u00e1s &raquo;<\/a><\/p>\n","protected":false},"author":2,"featured_media":0,"parent":0,"menu_order":0,"comment_status":"closed","ping_status":"closed","template":"","meta":{"site-sidebar-layout":"default","site-content-layout":"default","ast-main-header-display":"","ast-hfb-above-header-display":"","ast-hfb-below-header-display":"","ast-hfb-mobile-header-display":"","site-post-title":"","ast-breadcrumbs-content":"","ast-featured-img":"","footer-sml-layout":"","theme-transparent-header-meta":"","adv-header-id-meta":"","stick-header-meta":"","header-above-stick-meta":"","header-main-stick-meta":"","header-below-stick-meta":"","footnotes":""},"class_list":["post-2092","page","type-page","status-publish","hentry"],"acf":[],"_links":{"self":[{"href":"https:\/\/mexquiticdecarmona-slp.gob.mx\/2021-2024\/wp-json\/wp\/v2\/pages\/2092","targetHints":{"allow":["GET"]}}],"collection":[{"href":"https:\/\/mexquiticdecarmona-slp.gob.mx\/2021-2024\/wp-json\/wp\/v2\/pages"}],"about":[{"href":"https:\/\/mexquiticdecarmona-slp.gob.mx\/2021-2024\/wp-json\/wp\/v2\/types\/page"}],"author":[{"embeddable":true,"href":"https:\/\/mexquiticdecarmona-slp.gob.mx\/2021-2024\/wp-json\/wp\/v2\/users\/2"}],"replies":[{"embeddable":true,"href":"https:\/\/mexquiticdecarmona-slp.gob.mx\/2021-2024\/wp-json\/wp\/v2\/comments?post=2092"}],"version-history":[{"count":1,"href":"https:\/\/mexquiticdecarmona-slp.gob.mx\/2021-2024\/wp-json\/wp\/v2\/pages\/2092\/revisions"}],"predecessor-version":[{"id":2093,"href":"https:\/\/mexquiticdecarmona-slp.gob.mx\/2021-2024\/wp-json\/wp\/v2\/pages\/2092\/revisions\/2093"}],"wp:attachment":[{"href":"https:\/\/mexquiticdecarmona-slp.gob.mx\/2021-2024\/wp-json\/wp\/v2\/media?parent=2092"}],"curies":[{"name":"wp","href":"https:\/\/api.w.org\/{rel}","templated":true}]}}