{"id":2082,"date":"2024-03-31T05:22:23","date_gmt":"2024-03-31T05:22:23","guid":{"rendered":"https:\/\/mexquiticdecarmona-slp.gob.mx\/2021-2024\/?page_id=2082"},"modified":"2024-03-31T05:22:23","modified_gmt":"2024-03-31T05:22:23","slug":"direccion-de-alcoholes","status":"publish","type":"page","link":"https:\/\/mexquiticdecarmona-slp.gob.mx\/2021-2024\/direccion-de-alcoholes\/","title":{"rendered":"DIRECCI\u00d3N DE ALCOHOLES"},"content":{"rendered":"\n<p>TRAMITES QUE SE REALIZAN EN ESTE DEPARTAMENTO:<br>LICENCIAS DE FUNCIONAMIENTO PARA VENTA DE BEBIDAS ALCOH\u00d3LICAS DE BAJA GRADUACI\u00d3N PARA LOS SIGUIENTES TIPOS DE ESTABLECIMIENTOS: CERVECER\u00cdA, DEPOSITO, TIENDA DE ABARROTES, FONDAS, RESTAURANTES, TAQUER\u00cdAS Y CENADUR\u00cdAS<br>REFRENDOS: ANUALES DE LICENCIAS DE FUNCIONAMIENTO PARA VENTA DE BEBIDAS ALCOH\u00d3LICAS DE BAJA GRADUACI\u00d3N PARA LOS SIGUIENTES TIPOS DE ESTABLECIMIENTOS: CERVECER\u00cdA, DEPOSITO, TIENDA DE ABARROTES, FONDAS, RESTAURANTES, TAQUER\u00cdAS Y CENADUR\u00cdAS<br>PERMISOS PROVISIONALES<br>HORARIAS DE ATENCI\u00d3N A LA CIUDADAN\u00cdA:<br>LUNES A JUEVES 8:00 A 16:00 HORAS<br>VIERNES Y DOMINGO 8:00 A 14:00 HORAS<br>TEL\u00c9FONOS<br>444855 3085<br>4448553046<\/p>\n","protected":false},"excerpt":{"rendered":"<p>TRAMITES QUE SE REALIZAN EN ESTE DEPARTAMENTO:LICENCIAS DE FUNCIONAMIENTO PARA VENTA DE BEBIDAS ALCOH\u00d3LICAS DE BAJA GRADUACI\u00d3N PARA LOS SIGUIENTES TIPOS DE ESTABLECIMIENTOS: CERVECER\u00cdA, DEPOSITO, TIENDA DE ABARROTES, FONDAS, RESTAURANTES, TAQUER\u00cdAS Y CENADUR\u00cdASREFRENDOS: ANUALES DE LICENCIAS DE FUNCIONAMIENTO PARA VENTA DE BEBIDAS ALCOH\u00d3LICAS DE BAJA GRADUACI\u00d3N PARA LOS SIGUIENTES TIPOS DE ESTABLECIMIENTOS: CERVECER\u00cdA, DEPOSITO, TIENDA &hellip;<\/p>\n<p class=\"read-more\"> <a class=\"\" href=\"https:\/\/mexquiticdecarmona-slp.gob.mx\/2021-2024\/direccion-de-alcoholes\/\"> <span class=\"screen-reader-text\">DIRECCI\u00d3N DE ALCOHOLES<\/span> Leer m\u00e1s &raquo;<\/a><\/p>\n","protected":false},"author":2,"featured_media":0,"parent":0,"menu_order":0,"comment_status":"closed","ping_status":"closed","template":"","meta":{"site-sidebar-layout":"default","site-content-layout":"default","ast-main-header-display":"","ast-hfb-above-header-display":"","ast-hfb-below-header-display":"","ast-hfb-mobile-header-display":"","site-post-title":"","ast-breadcrumbs-content":"","ast-featured-img":"","footer-sml-layout":"","theme-transparent-header-meta":"","adv-header-id-meta":"","stick-header-meta":"","header-above-stick-meta":"","header-main-stick-meta":"","header-below-stick-meta":"","footnotes":""},"class_list":["post-2082","page","type-page","status-publish","hentry"],"acf":[],"_links":{"self":[{"href":"https:\/\/mexquiticdecarmona-slp.gob.mx\/2021-2024\/wp-json\/wp\/v2\/pages\/2082","targetHints":{"allow":["GET"]}}],"collection":[{"href":"https:\/\/mexquiticdecarmona-slp.gob.mx\/2021-2024\/wp-json\/wp\/v2\/pages"}],"about":[{"href":"https:\/\/mexquiticdecarmona-slp.gob.mx\/2021-2024\/wp-json\/wp\/v2\/types\/page"}],"author":[{"embeddable":true,"href":"https:\/\/mexquiticdecarmona-slp.gob.mx\/2021-2024\/wp-json\/wp\/v2\/users\/2"}],"replies":[{"embeddable":true,"href":"https:\/\/mexquiticdecarmona-slp.gob.mx\/2021-2024\/wp-json\/wp\/v2\/comments?post=2082"}],"version-history":[{"count":1,"href":"https:\/\/mexquiticdecarmona-slp.gob.mx\/2021-2024\/wp-json\/wp\/v2\/pages\/2082\/revisions"}],"predecessor-version":[{"id":2083,"href":"https:\/\/mexquiticdecarmona-slp.gob.mx\/2021-2024\/wp-json\/wp\/v2\/pages\/2082\/revisions\/2083"}],"wp:attachment":[{"href":"https:\/\/mexquiticdecarmona-slp.gob.mx\/2021-2024\/wp-json\/wp\/v2\/media?parent=2082"}],"curies":[{"name":"wp","href":"https:\/\/api.w.org\/{rel}","templated":true}]}}