{"id":2080,"date":"2024-03-31T05:21:41","date_gmt":"2024-03-31T05:21:41","guid":{"rendered":"https:\/\/mexquiticdecarmona-slp.gob.mx\/2021-2024\/?page_id=2080"},"modified":"2024-03-31T05:21:42","modified_gmt":"2024-03-31T05:21:42","slug":"direccion-juridica","status":"publish","type":"page","link":"https:\/\/mexquiticdecarmona-slp.gob.mx\/2021-2024\/direccion-juridica\/","title":{"rendered":"DIRECCION JURIDICA"},"content":{"rendered":"\n<p>Esta direcci\u00f3n jur\u00eddica entre sus funciones tiene como prop\u00f3sito asesorar a las y los Mexquitences en forma gratuita respecto a los problemas sociales como los son en materia de derechos humanos, familiares, agraria, amparo, civil, penal, encamin\u00e1ndolos primeramente a una etapa conciliatoria para evitarles juicios tediosos y desgastantes, convirti\u00e9ndose asi la direcci\u00f3n jur\u00eddica del H. A YUNTAMIENTO, en un centro de mediaci\u00f3n que beneficia a todos los habitantes de nuestro territorio e inclusive a otros municipios vecinos, por lo que la poblaci\u00f3n debe saber que los servicios de asesor\u00eda y mediaci\u00f3n se llevan a cabo de buena manera profesional, respetamdo los principios de confidencialidad y respeto absoluto en la divulgaci\u00f3n de sus datos personales, es decir que los recurrentes deben tener plena confianza en los servicios antes mencionados para obtener los resultados mas favorables para cada una de las partes.<\/p>\n","protected":false},"excerpt":{"rendered":"<p>Esta direcci\u00f3n jur\u00eddica entre sus funciones tiene como prop\u00f3sito asesorar a las y los Mexquitences en forma gratuita respecto a los problemas sociales como los son en materia de derechos humanos, familiares, agraria, amparo, civil, penal, encamin\u00e1ndolos primeramente a una etapa conciliatoria para evitarles juicios tediosos y desgastantes, convirti\u00e9ndose asi la direcci\u00f3n jur\u00eddica del H. &hellip;<\/p>\n<p class=\"read-more\"> <a class=\"\" href=\"https:\/\/mexquiticdecarmona-slp.gob.mx\/2021-2024\/direccion-juridica\/\"> <span class=\"screen-reader-text\">DIRECCION JURIDICA<\/span> Leer m\u00e1s &raquo;<\/a><\/p>\n","protected":false},"author":2,"featured_media":0,"parent":0,"menu_order":0,"comment_status":"closed","ping_status":"closed","template":"","meta":{"site-sidebar-layout":"default","site-content-layout":"default","ast-main-header-display":"","ast-hfb-above-header-display":"","ast-hfb-below-header-display":"","ast-hfb-mobile-header-display":"","site-post-title":"","ast-breadcrumbs-content":"","ast-featured-img":"","footer-sml-layout":"","theme-transparent-header-meta":"","adv-header-id-meta":"","stick-header-meta":"","header-above-stick-meta":"","header-main-stick-meta":"","header-below-stick-meta":"","footnotes":""},"class_list":["post-2080","page","type-page","status-publish","hentry"],"acf":[],"_links":{"self":[{"href":"https:\/\/mexquiticdecarmona-slp.gob.mx\/2021-2024\/wp-json\/wp\/v2\/pages\/2080","targetHints":{"allow":["GET"]}}],"collection":[{"href":"https:\/\/mexquiticdecarmona-slp.gob.mx\/2021-2024\/wp-json\/wp\/v2\/pages"}],"about":[{"href":"https:\/\/mexquiticdecarmona-slp.gob.mx\/2021-2024\/wp-json\/wp\/v2\/types\/page"}],"author":[{"embeddable":true,"href":"https:\/\/mexquiticdecarmona-slp.gob.mx\/2021-2024\/wp-json\/wp\/v2\/users\/2"}],"replies":[{"embeddable":true,"href":"https:\/\/mexquiticdecarmona-slp.gob.mx\/2021-2024\/wp-json\/wp\/v2\/comments?post=2080"}],"version-history":[{"count":1,"href":"https:\/\/mexquiticdecarmona-slp.gob.mx\/2021-2024\/wp-json\/wp\/v2\/pages\/2080\/revisions"}],"predecessor-version":[{"id":2081,"href":"https:\/\/mexquiticdecarmona-slp.gob.mx\/2021-2024\/wp-json\/wp\/v2\/pages\/2080\/revisions\/2081"}],"wp:attachment":[{"href":"https:\/\/mexquiticdecarmona-slp.gob.mx\/2021-2024\/wp-json\/wp\/v2\/media?parent=2080"}],"curies":[{"name":"wp","href":"https:\/\/api.w.org\/{rel}","templated":true}]}}