{"id":2075,"date":"2024-03-31T05:19:44","date_gmt":"2024-03-31T05:19:44","guid":{"rendered":"https:\/\/mexquiticdecarmona-slp.gob.mx\/2021-2024\/?page_id=2075"},"modified":"2024-03-31T05:19:44","modified_gmt":"2024-03-31T05:19:44","slug":"direccion-de-comunicacin-social","status":"publish","type":"page","link":"https:\/\/mexquiticdecarmona-slp.gob.mx\/2021-2024\/direccion-de-comunicacin-social\/","title":{"rendered":"DIRECCION DE COMUNICACIN SOCIAL"},"content":{"rendered":"\n<p>La direcci\u00f3n de Comunicaci\u00f3n Social del H. Ayuntamiento de Mexquitic de Carmona 2021-2024<br>Tiene la finalidad de difundir e informar a la ciudadan\u00eda sobre las obras y acciones que realiza el Presidente Municipal, Direcciones e Instancias Municipales para mejorar la calidad de la vida de sus conciudadanos.<br>Hoy en dia existen diversas plataformas para canalizar el mensaje de las instituciones hacia los ciudadanos a trav\u00e9s de las cuales se sostiene una comunicaci\u00f3n constante con la sociedad Mexquitence.<br>Para mantener comunicaci\u00f3n contante con la sociedad, se creo la pagina de Facebook \u201cH. Ayuntamiento de Mexquitic de Carmona 2021-2024\u201d se filtra y se crean vinculaciones a los diferentes departamentos de la administraci\u00f3n publica.<\/p>\n","protected":false},"excerpt":{"rendered":"<p>La direcci\u00f3n de Comunicaci\u00f3n Social del H. Ayuntamiento de Mexquitic de Carmona 2021-2024Tiene la finalidad de difundir e informar a la ciudadan\u00eda sobre las obras y acciones que realiza el Presidente Municipal, Direcciones e Instancias Municipales para mejorar la calidad de la vida de sus conciudadanos.Hoy en dia existen diversas plataformas para canalizar el mensaje &hellip;<\/p>\n<p class=\"read-more\"> <a class=\"\" href=\"https:\/\/mexquiticdecarmona-slp.gob.mx\/2021-2024\/direccion-de-comunicacin-social\/\"> <span class=\"screen-reader-text\">DIRECCION DE COMUNICACIN SOCIAL<\/span> Leer m\u00e1s &raquo;<\/a><\/p>\n","protected":false},"author":2,"featured_media":0,"parent":0,"menu_order":0,"comment_status":"closed","ping_status":"closed","template":"","meta":{"site-sidebar-layout":"default","site-content-layout":"default","ast-main-header-display":"","ast-hfb-above-header-display":"","ast-hfb-below-header-display":"","ast-hfb-mobile-header-display":"","site-post-title":"","ast-breadcrumbs-content":"","ast-featured-img":"","footer-sml-layout":"","theme-transparent-header-meta":"","adv-header-id-meta":"","stick-header-meta":"","header-above-stick-meta":"","header-main-stick-meta":"","header-below-stick-meta":"","footnotes":""},"class_list":["post-2075","page","type-page","status-publish","hentry"],"acf":[],"_links":{"self":[{"href":"https:\/\/mexquiticdecarmona-slp.gob.mx\/2021-2024\/wp-json\/wp\/v2\/pages\/2075","targetHints":{"allow":["GET"]}}],"collection":[{"href":"https:\/\/mexquiticdecarmona-slp.gob.mx\/2021-2024\/wp-json\/wp\/v2\/pages"}],"about":[{"href":"https:\/\/mexquiticdecarmona-slp.gob.mx\/2021-2024\/wp-json\/wp\/v2\/types\/page"}],"author":[{"embeddable":true,"href":"https:\/\/mexquiticdecarmona-slp.gob.mx\/2021-2024\/wp-json\/wp\/v2\/users\/2"}],"replies":[{"embeddable":true,"href":"https:\/\/mexquiticdecarmona-slp.gob.mx\/2021-2024\/wp-json\/wp\/v2\/comments?post=2075"}],"version-history":[{"count":1,"href":"https:\/\/mexquiticdecarmona-slp.gob.mx\/2021-2024\/wp-json\/wp\/v2\/pages\/2075\/revisions"}],"predecessor-version":[{"id":2076,"href":"https:\/\/mexquiticdecarmona-slp.gob.mx\/2021-2024\/wp-json\/wp\/v2\/pages\/2075\/revisions\/2076"}],"wp:attachment":[{"href":"https:\/\/mexquiticdecarmona-slp.gob.mx\/2021-2024\/wp-json\/wp\/v2\/media?parent=2075"}],"curies":[{"name":"wp","href":"https:\/\/api.w.org\/{rel}","templated":true}]}}