{"id":2073,"date":"2024-03-31T05:19:01","date_gmt":"2024-03-31T05:19:01","guid":{"rendered":"https:\/\/mexquiticdecarmona-slp.gob.mx\/2021-2024\/?page_id=2073"},"modified":"2024-03-31T05:19:02","modified_gmt":"2024-03-31T05:19:02","slug":"departamento-de-desarrollo-agropecuario","status":"publish","type":"page","link":"https:\/\/mexquiticdecarmona-slp.gob.mx\/2021-2024\/departamento-de-desarrollo-agropecuario\/","title":{"rendered":"DEPARTAMENTO DE DESARROLLO AGROPECUARIO"},"content":{"rendered":"\n<p>El compromiso con el sector agropecuario en esta administraci\u00f3n es uno de los ejes importantes ya que es donde depende la mayor\u00eda de los alimentos que se proveen a nuestras mesas y es un sustento econ\u00f3mico para la mayor\u00eda de las familias; y esto lo tiene claro nuestro presidente municipal el Arquitecto Jos\u00e9 Hilario Lea Quistian, es por eso que esta administraci\u00f3n le est\u00e1 apostando al campo mexquitence; que en conjunto con el director de desarrollo agropecuario Ricardo rete Mart\u00ednez atienden las necesidades de la gente, hoy m\u00e1s que nunca es importante apostarle al campo; ya que de ah\u00ed nace la materia prima de algunas actividades de los productores locales, se han implementado diversos programas en pro delas necesidades de la gente, de los m\u00e1s importantes es la apuesta de la maquinaria (tractores) y su equipamiento, sistema de riego tecnificados a diferentes sectores agr\u00edcolas y as\u00ed ahorrando una considerable cantidad de agua ya que el m\u00e9todo tradicional ya no es sostenible en estas \u00e9pocas, tambi\u00e9n se le ha apostado al sector ganadero; en el mejoramiento gen\u00e9tico del ganado y al estiaje para la sostenibilidad del mismo ayudando a los productores, adem\u00e1s de eso se ha estado apostando a otro tipo de sectores como la ayuda con rollos de alambre para cercos perimetrales, la entrega de revolvedoras, motosierras, motobombas, manguera, molinos de nixtamal; esperando el beneficio se vea reflejado en cada uno de los hogares y con esto ayudar a solventar un poco de las muchas necesidades que se tienen en cada n\u00facleo familiar.<\/p>\n\n\n\n<h2 class=\"wp-block-heading\">Apoyo para la adquisici\u00f3n de sementales ovinos y bovinos.<\/h2>\n\n\n\n<p>El municipio de Mexquitic de Carmona encabezado por el presidente municipal el Arquitecto Jos\u00e9 Hilario Leal Quistian apoyo a diferentes comunidades con una inversi\u00f3n de $200,000.00 por medio del departamento de Desarrollo Agropecuario, por lo cual el gobierno municipal refleja la preocupaci\u00f3n en mejorar la calidad y gen\u00e9tica del ganado mexquitence, ya que la ganader\u00eda es una de las practicas importantes en el municipio para el sustento de las familias, la cual representa por una parte un medio de obtenci\u00f3n de alimentos y la otra como un sustento econ\u00f3mico.<\/p>\n\n\n\n<h2 class=\"wp-block-heading\">Entrega de forraje a diferentes comunidades.<\/h2>\n\n\n\n<p>En beneficio de los productores del municipio de Mexquitic de Carmona el presidente municipal invirti\u00f3 $306,200.00 para la adquisici\u00f3n de m\u00e1s de 29 tonelada de avena chihuahua, beneficiando as\u00ed a m\u00e1s de 250 productores, la avena chihuahua forrajera es una variedad de avena resistente y adaptable que se utiliza principalmente como alimento para el ganado, Es una planta de r\u00e1pido crecimiento y alta productividad, lo que la convierte en una excelente opci\u00f3n para la producci\u00f3n de forraje. Adem\u00e1s, la avena Chihuahua forrajera es resistente a las condiciones clim\u00e1ticas extremas de la regi\u00f3n, lo que la hace ideal para el cultivo en zonas \u00e1ridas y semi\u00e1ridas. Tambi\u00e9n es resistente a enfermedades y plagas, lo que reduce los costos de producci\u00f3n.<br>Asi mismo Se hace entrega de estiaje emergente (pollinaza) ya que las condiciones clim\u00e1ticas no son nada favorables para la sostenibilidad de la ganader\u00eda es por eso que se hace entrega de 147,000 toneladas de pollinaza en diferentes comunidades para mitigar los estragos de la sequ\u00eda, invirtiendo un total de $276,092.00<\/p>\n\n\n\n<h2 class=\"wp-block-heading\">Entrega de implementos agr\u00edcolas<\/h2>\n\n\n\n<p>Con una inversi\u00f3n de aproximadamente de 1,269,952.00 el Municipio dio entrega de diversas herramienta entre la cuales encontramos desbrozadoras, motosierras, mangueras, generadores de luz, revolvedoras y cintilla, para hacer m\u00e1s eficiente las actividades y les ayude en economizar y potencializar su producci\u00f3n dependiendo de las necesidades requeridas por cada productor, con remolques ganaderos, remolques de cama baja en diferentes comunidades para la realizaci\u00f3n de sus actividades en el sector agr\u00edcola y ganadero con esto viendo beneficios econ\u00f3micos al momento de mover sus cosechas y al momento de trasladar el ganado para diferentes fines.<\/p>\n\n\n\n<h2 class=\"wp-block-heading\">Se han realizado Convenios con SEDARH<\/h2>\n\n\n\n<p>En colaboraci\u00f3n con gobierno del Estado el municipio de Mexquitic de Carmona convenio de 9 tractores agr\u00edcola, e implementos agr\u00edcolas y la reposici\u00f3n de un pozo profundo con una inversi\u00f3n aproximadamente $2,700,000.00 esto gracias a que se han ido a tocar puertas a los diferentes instituciones de gobierno para bajar recursos y tener un mayor n\u00famero de beneficiarios, ya que las necesidades de la gente del municipio son varias y no se alcanza a cubrir con el presupuesto municipal, es por eso que se opta por salir a gestionar ante diferentes dependencias de gobierno.<\/p>\n\n\n\n<h2 class=\"wp-block-heading\">Entrega de rollo de alambre<\/h2>\n\n\n\n<p>Atendiendo la solicitud de la gente de Mexquitic se hace entrega de rollos de alambre para cercos perimetrales para evitar destrozos de animales salvajes en sus propiedades; dando as\u00ed soluci\u00f3n a sus peticiones, el presidente municipal el Arquitecto Jos\u00e9 Hilario Leal Quistian reafirma una vez m\u00e1s su compromiso por los diferentes sectores del municipio, con una inversi\u00f3n de $122,925.00.<\/p>\n\n\n\n<h2 class=\"wp-block-heading\">Entrega de cintilla de riego por goteo<\/h2>\n\n\n\n<p>El sistema de riego por goteo es una de las formas m\u00e1s eficientes de ahorrar agua, ya que el modelo tradicional de riego rodado es un desperdicio may\u00fasculo de agua en estos tiempos, donde hemos visto que algunos pozos han dejado de funcionar, es por eso que este gobierno se preocupa y est\u00e1 a favor de proteger el medio ambiente; invirtiendo la cantidad de $621,400.00 del mismo modo se ver\u00e1 un considerable ahorro de agua y una mayor eficiencia la hora de cultivar las cosechas<\/p>\n\n\n\n<h2 class=\"wp-block-heading\">Entrega de tractores<\/h2>\n\n\n\n<p>Con una inversi\u00f3n aproximadamente de 4,693,000.00, beneficiando a m\u00e1s de 855 hect\u00e1reas, cumpliendo los compromisos con el campo mexquitense se atiende las peticiones a este sector importante, ya que por varias administraciones hab\u00eda sido descuidada y siendo uno de los cuales representa una gran parte de la econom\u00eda de los hogares del municipio, con este se reafirma que se busca el beneficio social; donde el compromiso mayoritario es combatir el rezago econ\u00f3mico que existe en el municipio y elevando el desarrollo econ\u00f3mico de las comunidades.<\/p>\n","protected":false},"excerpt":{"rendered":"<p>El compromiso con el sector agropecuario en esta administraci\u00f3n es uno de los ejes importantes ya que es donde depende la mayor\u00eda de los alimentos que se proveen a nuestras mesas y es un sustento econ\u00f3mico para la mayor\u00eda de las familias; y esto lo tiene claro nuestro presidente municipal el Arquitecto Jos\u00e9 Hilario Lea &hellip;<\/p>\n<p class=\"read-more\"> <a class=\"\" href=\"https:\/\/mexquiticdecarmona-slp.gob.mx\/2021-2024\/departamento-de-desarrollo-agropecuario\/\"> <span class=\"screen-reader-text\">DEPARTAMENTO DE DESARROLLO AGROPECUARIO<\/span> Leer m\u00e1s &raquo;<\/a><\/p>\n","protected":false},"author":2,"featured_media":0,"parent":0,"menu_order":0,"comment_status":"closed","ping_status":"closed","template":"","meta":{"site-sidebar-layout":"default","site-content-layout":"default","ast-main-header-display":"","ast-hfb-above-header-display":"","ast-hfb-below-header-display":"","ast-hfb-mobile-header-display":"","site-post-title":"","ast-breadcrumbs-content":"","ast-featured-img":"","footer-sml-layout":"","theme-transparent-header-meta":"","adv-header-id-meta":"","stick-header-meta":"","header-above-stick-meta":"","header-main-stick-meta":"","header-below-stick-meta":"","footnotes":""},"class_list":["post-2073","page","type-page","status-publish","hentry"],"acf":[],"_links":{"self":[{"href":"https:\/\/mexquiticdecarmona-slp.gob.mx\/2021-2024\/wp-json\/wp\/v2\/pages\/2073","targetHints":{"allow":["GET"]}}],"collection":[{"href":"https:\/\/mexquiticdecarmona-slp.gob.mx\/2021-2024\/wp-json\/wp\/v2\/pages"}],"about":[{"href":"https:\/\/mexquiticdecarmona-slp.gob.mx\/2021-2024\/wp-json\/wp\/v2\/types\/page"}],"author":[{"embeddable":true,"href":"https:\/\/mexquiticdecarmona-slp.gob.mx\/2021-2024\/wp-json\/wp\/v2\/users\/2"}],"replies":[{"embeddable":true,"href":"https:\/\/mexquiticdecarmona-slp.gob.mx\/2021-2024\/wp-json\/wp\/v2\/comments?post=2073"}],"version-history":[{"count":1,"href":"https:\/\/mexquiticdecarmona-slp.gob.mx\/2021-2024\/wp-json\/wp\/v2\/pages\/2073\/revisions"}],"predecessor-version":[{"id":2074,"href":"https:\/\/mexquiticdecarmona-slp.gob.mx\/2021-2024\/wp-json\/wp\/v2\/pages\/2073\/revisions\/2074"}],"wp:attachment":[{"href":"https:\/\/mexquiticdecarmona-slp.gob.mx\/2021-2024\/wp-json\/wp\/v2\/media?parent=2073"}],"curies":[{"name":"wp","href":"https:\/\/api.w.org\/{rel}","templated":true}]}}