{"id":2067,"date":"2024-03-31T05:10:46","date_gmt":"2024-03-31T05:10:46","guid":{"rendered":"https:\/\/mexquiticdecarmona-slp.gob.mx\/2021-2024\/?page_id=2067"},"modified":"2024-03-31T05:11:12","modified_gmt":"2024-03-31T05:11:12","slug":"almacen","status":"publish","type":"page","link":"https:\/\/mexquiticdecarmona-slp.gob.mx\/2021-2024\/almacen\/","title":{"rendered":"Almacen"},"content":{"rendered":"\n<p>SIEMPRE NOS REGIMOS POR EL DEPARTAMENTO DE ADQUISICIONES.<br>Es la oficina encargada de guardar el material de limpieza de esta dependencia.<br>La misma donde se encarga de entregar el material de papeler\u00eda para las diferentes direcciones.<br>Llevando un control de garrafones de agua potable para las oficinas.<br>As\u00ed mismo teniendo un listado de todo material entregado.<\/p>\n\n\n\n<p><\/p>\n\n\n\n<h2 class=\"wp-block-heading\">Director de Almac\u00e9n<\/h2>\n\n\n\n<ul class=\"wp-block-list\">\n<li>Supervisar todo lo que ocurre en almac\u00e9n.<\/li>\n\n\n\n<li>Siendo el encargado del personal de limpieza.<\/li>\n\n\n\n<li>Planificar, dirigir y coordinador las actividades de abastecimiento.<\/li>\n\n\n\n<li>Reposici\u00f3n, almacenamiento y distribuci\u00f3n de los materiales y productos de limpieza.<\/li>\n\n\n\n<li><\/li>\n<\/ul>\n\n\n\n<h2 class=\"wp-block-heading\">Secretaria:<\/h2>\n\n\n\n<ul class=\"wp-block-list\">\n<li>Realizar las labores de auxilio y apoyo al director en actividades, as\u00ed mismo conciliar\u00eda, controlar, registrara, tramitara los reportes formatos y documentos.<\/li>\n\n\n\n<li><\/li>\n<\/ul>\n\n\n\n<h2 class=\"wp-block-heading\">Funci\u00f3n:<\/h2>\n\n\n\n<ul class=\"wp-block-list\">\n<li>Es la encargada de apoyar en el registro de entradas y salidas de material y herramientas necesarias para la ejecuci\u00f3n de las actividades.<\/li>\n\n\n\n<li>Colaborar en el abastecimiento de material en las \u00e1reas necesarias para la ejecuci\u00f3n de las ordenes de trabajo emitidas.<\/li>\n\n\n\n<li><\/li>\n<\/ul>\n\n\n\n<h2 class=\"wp-block-heading\">Intendentes:<\/h2>\n\n\n\n<ul class=\"wp-block-list\">\n<li>Son las encargadas de mantener limpias todas las oficinas, pasillos, patios, auditorio, comandancia y ba\u00f1os antes del horario de inicio de labores.<\/li>\n\n\n\n<li><\/li>\n<\/ul>\n\n\n\n<h2 class=\"wp-block-heading\">Funciones:<\/h2>\n\n\n\n<ul class=\"wp-block-list\">\n<li>Realizar la limpieza de las diferentes oficinas de la mejor manera posible.<\/li>\n\n\n\n<li>Respetar indicaciones de los diferentes directores, ya que algunas \u00e1reas en ocasiones son ocupadas y no se permite realizar la limpieza.<\/li>\n\n\n\n<li>Acatar indicaciones de su director en limpieza de las diferentes \u00e1reas que se indiquen.<\/li>\n<\/ul>\n","protected":false},"excerpt":{"rendered":"<p>SIEMPRE NOS REGIMOS POR EL DEPARTAMENTO DE ADQUISICIONES.Es la oficina encargada de guardar el material de limpieza de esta dependencia.La misma donde se encarga de entregar el material de papeler\u00eda para las diferentes direcciones.Llevando un control de garrafones de agua potable para las oficinas.As\u00ed mismo teniendo un listado de todo material entregado. Director de Almac\u00e9n &hellip;<\/p>\n<p class=\"read-more\"> <a class=\"\" href=\"https:\/\/mexquiticdecarmona-slp.gob.mx\/2021-2024\/almacen\/\"> <span class=\"screen-reader-text\">Almacen<\/span> Leer m\u00e1s &raquo;<\/a><\/p>\n","protected":false},"author":2,"featured_media":0,"parent":0,"menu_order":0,"comment_status":"closed","ping_status":"closed","template":"","meta":{"site-sidebar-layout":"default","site-content-layout":"default","ast-main-header-display":"","ast-hfb-above-header-display":"","ast-hfb-below-header-display":"","ast-hfb-mobile-header-display":"","site-post-title":"","ast-breadcrumbs-content":"","ast-featured-img":"","footer-sml-layout":"","theme-transparent-header-meta":"","adv-header-id-meta":"","stick-header-meta":"","header-above-stick-meta":"","header-main-stick-meta":"","header-below-stick-meta":"","footnotes":""},"class_list":["post-2067","page","type-page","status-publish","hentry"],"acf":[],"_links":{"self":[{"href":"https:\/\/mexquiticdecarmona-slp.gob.mx\/2021-2024\/wp-json\/wp\/v2\/pages\/2067","targetHints":{"allow":["GET"]}}],"collection":[{"href":"https:\/\/mexquiticdecarmona-slp.gob.mx\/2021-2024\/wp-json\/wp\/v2\/pages"}],"about":[{"href":"https:\/\/mexquiticdecarmona-slp.gob.mx\/2021-2024\/wp-json\/wp\/v2\/types\/page"}],"author":[{"embeddable":true,"href":"https:\/\/mexquiticdecarmona-slp.gob.mx\/2021-2024\/wp-json\/wp\/v2\/users\/2"}],"replies":[{"embeddable":true,"href":"https:\/\/mexquiticdecarmona-slp.gob.mx\/2021-2024\/wp-json\/wp\/v2\/comments?post=2067"}],"version-history":[{"count":2,"href":"https:\/\/mexquiticdecarmona-slp.gob.mx\/2021-2024\/wp-json\/wp\/v2\/pages\/2067\/revisions"}],"predecessor-version":[{"id":2069,"href":"https:\/\/mexquiticdecarmona-slp.gob.mx\/2021-2024\/wp-json\/wp\/v2\/pages\/2067\/revisions\/2069"}],"wp:attachment":[{"href":"https:\/\/mexquiticdecarmona-slp.gob.mx\/2021-2024\/wp-json\/wp\/v2\/media?parent=2067"}],"curies":[{"name":"wp","href":"https:\/\/api.w.org\/{rel}","templated":true}]}}